{"id":3349,"date":"2023-04-06T01:24:00","date_gmt":"2023-04-06T00:24:00","guid":{"rendered":"https:\/\/www.makeit.lu\/?page_id=3349"},"modified":"2023-04-06T02:04:56","modified_gmt":"2023-04-06T01:04:56","slug":"maker-tipps","status":"publish","type":"page","link":"https:\/\/www.makeit.lu\/?page_id=3349","title":{"rendered":"Maker-Tipps"},"content":{"rendered":"\t\t<div data-elementor-type=\"wp-page\" data-elementor-id=\"3349\" class=\"elementor elementor-3349\">\n\t\t\t\t\t\t<section class=\"elementor-section elementor-top-section elementor-element elementor-element-07aa963 elementor-section-boxed elementor-section-height-default elementor-section-height-default\" data-id=\"07aa963\" data-element_type=\"section\" data-e-type=\"section\">\n\t\t\t\t\t\t<div class=\"elementor-container elementor-column-gap-default\">\n\t\t\t\t\t<div class=\"elementor-column elementor-col-100 elementor-top-column elementor-element elementor-element-7858b78\" data-id=\"7858b78\" data-element_type=\"column\" data-e-type=\"column\">\n\t\t\t<div class=\"elementor-widget-wrap elementor-element-populated\">\n\t\t\t\t\t\t<div class=\"elementor-element elementor-element-180981b elementor-widget elementor-widget-heading\" data-id=\"180981b\" data-element_type=\"widget\" data-e-type=\"widget\" data-widget_type=\"heading.default\">\n\t\t\t\t<div class=\"elementor-widget-container\">\n\t\t\t\t\t<h2 class=\"elementor-heading-title elementor-size-default\">Tipps f\u00fcr eure Tools<\/h2>\t\t\t\t<\/div>\n\t\t\t\t<\/div>\n\t\t\t\t\t<\/div>\n\t\t<\/div>\n\t\t\t\t\t<\/div>\n\t\t<\/section>\n\t\t\t\t<section class=\"elementor-section elementor-top-section elementor-element elementor-element-576ae10 elementor-section-boxed elementor-section-height-default elementor-section-height-default\" data-id=\"576ae10\" data-element_type=\"section\" data-e-type=\"section\">\n\t\t\t\t\t\t<div class=\"elementor-container elementor-column-gap-default\">\n\t\t\t\t\t<div class=\"elementor-column elementor-col-50 elementor-top-column elementor-element elementor-element-18d8f06\" data-id=\"18d8f06\" data-element_type=\"column\" data-e-type=\"column\">\n\t\t\t<div class=\"elementor-widget-wrap elementor-element-populated\">\n\t\t\t\t\t\t<div class=\"elementor-element elementor-element-0fd6c9d elementor-widget elementor-widget-image\" data-id=\"0fd6c9d\" data-element_type=\"widget\" data-e-type=\"widget\" data-widget_type=\"image.default\">\n\t\t\t\t<div class=\"elementor-widget-container\">\n\t\t\t\t\t\t\t\t\t\t\t\t\t\t\t<img fetchpriority=\"high\" decoding=\"async\" width=\"1024\" height=\"768\" src=\"https:\/\/i0.wp.com\/www.makeit.lu\/wp-content\/uploads\/2023\/04\/foto.jpg?fit=1024%2C768&amp;ssl=1\" class=\"attachment-large size-large wp-image-3353\" alt=\"\" srcset=\"https:\/\/i0.wp.com\/www.makeit.lu\/wp-content\/uploads\/2023\/04\/foto.jpg?w=2016&amp;ssl=1 2016w, https:\/\/i0.wp.com\/www.makeit.lu\/wp-content\/uploads\/2023\/04\/foto.jpg?resize=300%2C225&amp;ssl=1 300w, https:\/\/i0.wp.com\/www.makeit.lu\/wp-content\/uploads\/2023\/04\/foto.jpg?resize=1024%2C768&amp;ssl=1 1024w, https:\/\/i0.wp.com\/www.makeit.lu\/wp-content\/uploads\/2023\/04\/foto.jpg?resize=768%2C576&amp;ssl=1 768w, https:\/\/i0.wp.com\/www.makeit.lu\/wp-content\/uploads\/2023\/04\/foto.jpg?resize=1536%2C1152&amp;ssl=1 1536w, https:\/\/i0.wp.com\/www.makeit.lu\/wp-content\/uploads\/2023\/04\/foto.jpg?resize=1000%2C750&amp;ssl=1 1000w, https:\/\/i0.wp.com\/www.makeit.lu\/wp-content\/uploads\/2023\/04\/foto.jpg?resize=230%2C173&amp;ssl=1 230w, https:\/\/i0.wp.com\/www.makeit.lu\/wp-content\/uploads\/2023\/04\/foto.jpg?resize=350%2C263&amp;ssl=1 350w, https:\/\/i0.wp.com\/www.makeit.lu\/wp-content\/uploads\/2023\/04\/foto.jpg?resize=480%2C360&amp;ssl=1 480w, https:\/\/i0.wp.com\/www.makeit.lu\/wp-content\/uploads\/2023\/04\/foto.jpg?resize=24%2C18&amp;ssl=1 24w, https:\/\/i0.wp.com\/www.makeit.lu\/wp-content\/uploads\/2023\/04\/foto.jpg?resize=36%2C27&amp;ssl=1 36w, https:\/\/i0.wp.com\/www.makeit.lu\/wp-content\/uploads\/2023\/04\/foto.jpg?resize=48%2C36&amp;ssl=1 48w\" sizes=\"(max-width: 1024px) 100vw, 1024px\" \/>\t\t\t\t\t\t\t\t\t\t\t\t\t\t\t<\/div>\n\t\t\t\t<\/div>\n\t\t\t\t\t<\/div>\n\t\t<\/div>\n\t\t\t\t<div class=\"elementor-column elementor-col-50 elementor-top-column elementor-element elementor-element-7a23b15\" data-id=\"7a23b15\" data-element_type=\"column\" data-e-type=\"column\">\n\t\t\t<div class=\"elementor-widget-wrap elementor-element-populated\">\n\t\t\t\t\t\t<div class=\"elementor-element elementor-element-08d9646 elementor-widget elementor-widget-text-editor\" data-id=\"08d9646\" data-element_type=\"widget\" data-e-type=\"widget\" data-widget_type=\"text-editor.default\">\n\t\t\t\t<div class=\"elementor-widget-container\">\n\t\t\t\t\t\t\t\t\t<ol><li>Spare nicht am falschen Ende&#8230; Du brauchst keine teuren Tools, aber achte darauf, dass deine Tools nicht kaputt sind oder kurz davor sind&#8230;<\/li><li>Wisse wie man die Tools richtig nutzt: Mach&#8217; dich schlau, bevor du neues Werkzeug benutzt: Benutzerhandbuch, Tutorial, oder frag&#8217; einfach mal eine Fachkraft.<\/li><\/ol>\t\t\t\t\t\t\t\t<\/div>\n\t\t\t\t<\/div>\n\t\t\t\t\t<\/div>\n\t\t<\/div>\n\t\t\t\t\t<\/div>\n\t\t<\/section>\n\t\t\t\t<section class=\"elementor-section elementor-top-section elementor-element elementor-element-7c84673 elementor-section-boxed elementor-section-height-default elementor-section-height-default\" data-id=\"7c84673\" data-element_type=\"section\" data-e-type=\"section\">\n\t\t\t\t\t\t<div class=\"elementor-container elementor-column-gap-default\">\n\t\t\t\t\t<div class=\"elementor-column elementor-col-100 elementor-top-column elementor-element elementor-element-a085c03\" data-id=\"a085c03\" data-element_type=\"column\" data-e-type=\"column\">\n\t\t\t<div class=\"elementor-widget-wrap elementor-element-populated\">\n\t\t\t\t\t\t<div class=\"elementor-element elementor-element-8a88f5c elementor-widget elementor-widget-heading\" data-id=\"8a88f5c\" data-element_type=\"widget\" data-e-type=\"widget\" data-widget_type=\"heading.default\">\n\t\t\t\t<div class=\"elementor-widget-container\">\n\t\t\t\t\t<h2 class=\"elementor-heading-title elementor-size-default\">Tipps f\u00fcr euch<\/h2>\t\t\t\t<\/div>\n\t\t\t\t<\/div>\n\t\t\t\t\t<\/div>\n\t\t<\/div>\n\t\t\t\t\t<\/div>\n\t\t<\/section>\n\t\t\t\t<section class=\"elementor-section elementor-top-section elementor-element elementor-element-c36c5f9 elementor-section-boxed elementor-section-height-default elementor-section-height-default\" data-id=\"c36c5f9\" data-element_type=\"section\" data-e-type=\"section\">\n\t\t\t\t\t\t<div class=\"elementor-container elementor-column-gap-default\">\n\t\t\t\t\t<div class=\"elementor-column elementor-col-50 elementor-top-column elementor-element elementor-element-4bf2a98\" data-id=\"4bf2a98\" data-element_type=\"column\" data-e-type=\"column\">\n\t\t\t<div class=\"elementor-widget-wrap elementor-element-populated\">\n\t\t\t\t\t\t\t<\/div>\n\t\t<\/div>\n\t\t\t\t<div class=\"elementor-column elementor-col-50 elementor-top-column elementor-element elementor-element-bd210fa\" data-id=\"bd210fa\" data-element_type=\"column\" data-e-type=\"column\">\n\t\t\t<div class=\"elementor-widget-wrap elementor-element-populated\">\n\t\t\t\t\t\t<div class=\"elementor-element elementor-element-933b907 elementor-widget elementor-widget-text-editor\" data-id=\"933b907\" data-element_type=\"widget\" data-e-type=\"widget\" data-widget_type=\"text-editor.default\">\n\t\t\t\t<div class=\"elementor-widget-container\">\n\t\t\t\t\t\t\t\t\t<ol start=\"3\">\n \t<li>Sch\u00fctze dich und andere: Schutzausr\u00fcstung ist dazu da dich und andere vor Hitze, Spritzern oder anderen Gefahren zu sch\u00fctzen: Schaff&#8217; dir passende Schutzhandschuhe an, Schutzbrille, Geh\u00f6rschutz,&#8230; passend zur jeweiligen Aufgabe.<\/li>\n \t<li>Schmuck, &#8220;Flatternde&#8221; Kleidung, ungebundene Haare&#8230; bereite dich so vor, dass du nichts pl\u00f6tzlich in deinem Arbeitsbereich hast, was dir oder anderen zur Gefahr werden kann.<\/li>\n \t<li>Vergiss nicht ab und zu eine Pause einzulegen. Essen und offene Getr\u00e4nke geh\u00f6ren \u00fcbrigens NICHT in die N\u00e4he der Arbeitsbereiche.<\/li>\n<\/ol>\t\t\t\t\t\t\t\t<\/div>\n\t\t\t\t<\/div>\n\t\t\t\t\t<\/div>\n\t\t<\/div>\n\t\t\t\t\t<\/div>\n\t\t<\/section>\n\t\t\t\t<section class=\"elementor-section elementor-top-section elementor-element elementor-element-a4ad49d elementor-section-boxed elementor-section-height-default elementor-section-height-default\" data-id=\"a4ad49d\" data-element_type=\"section\" data-e-type=\"section\">\n\t\t\t\t\t\t<div class=\"elementor-container elementor-column-gap-default\">\n\t\t\t\t\t<div class=\"elementor-column elementor-col-100 elementor-top-column elementor-element elementor-element-4d5d376\" data-id=\"4d5d376\" data-element_type=\"column\" data-e-type=\"column\">\n\t\t\t<div class=\"elementor-widget-wrap elementor-element-populated\">\n\t\t\t\t\t\t<div class=\"elementor-element elementor-element-022ca6b elementor-widget elementor-widget-heading\" data-id=\"022ca6b\" data-element_type=\"widget\" data-e-type=\"widget\" data-widget_type=\"heading.default\">\n\t\t\t\t<div class=\"elementor-widget-container\">\n\t\t\t\t\t<h2 class=\"elementor-heading-title elementor-size-default\">Tipps f\u00fcr euren Makerspace<\/h2>\t\t\t\t<\/div>\n\t\t\t\t<\/div>\n\t\t\t\t\t<\/div>\n\t\t<\/div>\n\t\t\t\t\t<\/div>\n\t\t<\/section>\n\t\t\t\t<section class=\"elementor-section elementor-top-section elementor-element elementor-element-70679fa elementor-section-boxed elementor-section-height-default elementor-section-height-default\" data-id=\"70679fa\" data-element_type=\"section\" data-e-type=\"section\">\n\t\t\t\t\t\t<div class=\"elementor-container elementor-column-gap-default\">\n\t\t\t\t\t<div class=\"elementor-column elementor-col-50 elementor-top-column elementor-element elementor-element-15f59e4\" data-id=\"15f59e4\" data-element_type=\"column\" data-e-type=\"column\">\n\t\t\t<div class=\"elementor-widget-wrap elementor-element-populated\">\n\t\t\t\t\t\t<div class=\"elementor-element elementor-element-51ae6ca elementor-widget elementor-widget-image\" data-id=\"51ae6ca\" data-element_type=\"widget\" data-e-type=\"widget\" data-widget_type=\"image.default\">\n\t\t\t\t<div class=\"elementor-widget-container\">\n\t\t\t\t\t\t\t\t\t\t\t\t\t\t\t<img data-recalc-dims=\"1\" decoding=\"async\" src=\"https:\/\/i0.wp.com\/www.makeit.lu\/wp-content\/plugins\/elementor\/assets\/images\/placeholder.png?w=1170&#038;ssl=1\" title=\"\" alt=\"\" loading=\"lazy\" \/>\t\t\t\t\t\t\t\t\t\t\t\t\t\t\t<\/div>\n\t\t\t\t<\/div>\n\t\t\t\t\t<\/div>\n\t\t<\/div>\n\t\t\t\t<div class=\"elementor-column elementor-col-50 elementor-top-column elementor-element elementor-element-43f5e6c\" data-id=\"43f5e6c\" data-element_type=\"column\" data-e-type=\"column\">\n\t\t\t<div class=\"elementor-widget-wrap elementor-element-populated\">\n\t\t\t\t\t\t<div class=\"elementor-element elementor-element-6dfeb07 elementor-widget elementor-widget-text-editor\" data-id=\"6dfeb07\" data-element_type=\"widget\" data-e-type=\"widget\" data-widget_type=\"text-editor.default\">\n\t\t\t\t<div class=\"elementor-widget-container\">\n\t\t\t\t\t\t\t\t\t<ol start=\"6\">\n \t<li>Ordnung ist die halbe Miete: Arbeitsger\u00e4te oder Materielien, die du nicht (mehr) ben\u00f6tigst geh\u00f6ren gut sicher wegger\u00e4umt. Dein Arbeitsbereich sollte m\u00f6glichst sauber gehalten sein.<\/li>\n \t<li>Erste Hilfe&#8230; Hast du eins unserer Pflasterbriefchen bekommen? Gut! Sorge aber auch, dass an deiner Werkst\u00e4tte ein passendes erste Hilfekit ist. Und wisse wo es zu finden ist. Ein Erste-Hilfe-Kurs schadet auch nie&#8230;<\/li>\n<\/ol>\t\t\t\t\t\t\t\t<\/div>\n\t\t\t\t<\/div>\n\t\t\t\t\t<\/div>\n\t\t<\/div>\n\t\t\t\t\t<\/div>\n\t\t<\/section>\n\t\t\t\t<section class=\"elementor-section elementor-top-section elementor-element elementor-element-0b68c0e elementor-section-boxed elementor-section-height-default elementor-section-height-default\" data-id=\"0b68c0e\" data-element_type=\"section\" data-e-type=\"section\">\n\t\t\t\t\t\t<div class=\"elementor-container elementor-column-gap-default\">\n\t\t\t\t\t<div class=\"elementor-column elementor-col-100 elementor-top-column elementor-element elementor-element-274e05e\" data-id=\"274e05e\" data-element_type=\"column\" data-e-type=\"column\">\n\t\t\t<div class=\"elementor-widget-wrap elementor-element-populated\">\n\t\t\t\t\t\t<div class=\"elementor-element elementor-element-713cba3 elementor-widget elementor-widget-text-editor\" data-id=\"713cba3\" data-element_type=\"widget\" data-e-type=\"widget\" data-widget_type=\"text-editor.default\">\n\t\t\t\t<div class=\"elementor-widget-container\">\n\t\t\t\t\t\t\t\t\t<p>F\u00fcr die grossen Notf\u00e4lle wendest du dich umgehend an die Profis&#8230; 112 anrufen, Ruhe bewahren und genau erkl\u00e4ren, wer sich wie verletzt hat.<\/p>\t\t\t\t\t\t\t\t<\/div>\n\t\t\t\t<\/div>\n\t\t\t\t\t<\/div>\n\t\t<\/div>\n\t\t\t\t\t<\/div>\n\t\t<\/section>\n\t\t\t\t<section class=\"elementor-section elementor-top-section elementor-element elementor-element-c25b7b0 elementor-section-boxed elementor-section-height-default elementor-section-height-default\" data-id=\"c25b7b0\" data-element_type=\"section\" data-e-type=\"section\">\n\t\t\t\t\t\t<div class=\"elementor-container elementor-column-gap-default\">\n\t\t\t\t\t<div class=\"elementor-column elementor-col-100 elementor-top-column elementor-element elementor-element-eb96f2d\" data-id=\"eb96f2d\" data-element_type=\"column\" data-e-type=\"column\">\n\t\t\t<div class=\"elementor-widget-wrap elementor-element-populated\">\n\t\t\t\t\t\t<div class=\"elementor-element elementor-element-b1277fa elementor-widget elementor-widget-text-editor\" data-id=\"b1277fa\" data-element_type=\"widget\" data-e-type=\"widget\" data-widget_type=\"text-editor.default\">\n\t\t\t\t<div class=\"elementor-widget-container\">\n\t\t\t\t\t\t\t\t\t<p>Wir hoffen dass diese kurzen Tipps euch dabei helfen, die gr\u00f6bsten Pechstr\u00e4nen zu vermeiden. Ganz ohne Schramme kommt aber auch ihr wohl nicht durch&#8230; Lasst euch davon aber nicht in eurem Tatendrang und eurer Lust am Maken bremsen.<\/p><p>Ihr habt noch einen guten Tipp an den ihr euch haltet? Dann teilt ihn mit&#8230; <a href=\"mailto:office@makeit.lu\">office@makeit.lu<\/a><\/p>\t\t\t\t\t\t\t\t<\/div>\n\t\t\t\t<\/div>\n\t\t\t\t\t<\/div>\n\t\t<\/div>\n\t\t\t\t\t<\/div>\n\t\t<\/section>\n\t\t\t\t<\/div>\n\t\t","protected":false},"excerpt":{"rendered":"<p>Tipps f\u00fcr eure Tools Spare nicht am falschen Ende&#8230; Du brauchst keine teuren Tools, aber achte darauf, dass deine Tools nicht kaputt [&hellip;]<\/p>\n<div class=\"pvc_clear\"><\/div>\n<p id=\"pvc_stats_3349\" class=\"pvc_stats all  \" data-element-id=\"3349\" style=\"\"><i class=\"pvc-stats-icon medium\" aria-hidden=\"true\"><svg aria-hidden=\"true\" focusable=\"false\" data-prefix=\"far\" data-icon=\"chart-bar\" role=\"img\" xmlns=\"http:\/\/www.w3.org\/2000\/svg\" viewBox=\"0 0 512 512\" class=\"svg-inline--fa fa-chart-bar fa-w-16 fa-2x\"><path fill=\"currentColor\" d=\"M396.8 352h22.4c6.4 0 12.8-6.4 12.8-12.8V108.8c0-6.4-6.4-12.8-12.8-12.8h-22.4c-6.4 0-12.8 6.4-12.8 12.8v230.4c0 6.4 6.4 12.8 12.8 12.8zm-192 0h22.4c6.4 0 12.8-6.4 12.8-12.8V140.8c0-6.4-6.4-12.8-12.8-12.8h-22.4c-6.4 0-12.8 6.4-12.8 12.8v198.4c0 6.4 6.4 12.8 12.8 12.8zm96 0h22.4c6.4 0 12.8-6.4 12.8-12.8V204.8c0-6.4-6.4-12.8-12.8-12.8h-22.4c-6.4 0-12.8 6.4-12.8 12.8v134.4c0 6.4 6.4 12.8 12.8 12.8zM496 400H48V80c0-8.84-7.16-16-16-16H16C7.16 64 0 71.16 0 80v336c0 17.67 14.33 32 32 32h464c8.84 0 16-7.16 16-16v-16c0-8.84-7.16-16-16-16zm-387.2-48h22.4c6.4 0 12.8-6.4 12.8-12.8v-70.4c0-6.4-6.4-12.8-12.8-12.8h-22.4c-6.4 0-12.8 6.4-12.8 12.8v70.4c0 6.4 6.4 12.8 12.8 12.8z\" class=\"\"><\/path><\/svg><\/i> <img decoding=\"async\" width=\"16\" height=\"16\" alt=\"Loading\" src=\"https:\/\/www.makeit.lu\/wp-content\/plugins\/page-views-count\/ajax-loader-2x.gif\" border=0 \/><\/p>\n<div class=\"pvc_clear\"><\/div>\n","protected":false},"author":2,"featured_media":0,"parent":1019,"menu_order":0,"comment_status":"closed","ping_status":"closed","template":"","meta":{"footnotes":""},"class_list":["post-3349","page","type-page","status-publish","hentry"],"a3_pvc":{"activated":true,"total_views":168,"today_views":0},"jetpack_sharing_enabled":true,"jetpack_shortlink":"https:\/\/wp.me\/PaIqw2-S1","_links":{"self":[{"href":"https:\/\/www.makeit.lu\/index.php?rest_route=\/wp\/v2\/pages\/3349","targetHints":{"allow":["GET"]}}],"collection":[{"href":"https:\/\/www.makeit.lu\/index.php?rest_route=\/wp\/v2\/pages"}],"about":[{"href":"https:\/\/www.makeit.lu\/index.php?rest_route=\/wp\/v2\/types\/page"}],"author":[{"embeddable":true,"href":"https:\/\/www.makeit.lu\/index.php?rest_route=\/wp\/v2\/users\/2"}],"replies":[{"embeddable":true,"href":"https:\/\/www.makeit.lu\/index.php?rest_route=%2Fwp%2Fv2%2Fcomments&post=3349"}],"version-history":[{"count":13,"href":"https:\/\/www.makeit.lu\/index.php?rest_route=\/wp\/v2\/pages\/3349\/revisions"}],"predecessor-version":[{"id":3366,"href":"https:\/\/www.makeit.lu\/index.php?rest_route=\/wp\/v2\/pages\/3349\/revisions\/3366"}],"up":[{"embeddable":true,"href":"https:\/\/www.makeit.lu\/index.php?rest_route=\/wp\/v2\/pages\/1019"}],"wp:attachment":[{"href":"https:\/\/www.makeit.lu\/index.php?rest_route=%2Fwp%2Fv2%2Fmedia&parent=3349"}],"curies":[{"name":"wp","href":"https:\/\/api.w.org\/{rel}","templated":true}]}}