{"id":5510,"date":"2025-10-07T07:55:08","date_gmt":"2025-10-07T06:55:08","guid":{"rendered":"https:\/\/www.makeit.lu\/?page_id=5510"},"modified":"2025-10-07T08:00:06","modified_gmt":"2025-10-07T07:00:06","slug":"lyrc-2026-registration","status":"publish","type":"page","link":"https:\/\/www.makeit.lu\/?page_id=5510","title":{"rendered":"LYRC 2026 registration"},"content":{"rendered":"\t\t<div data-elementor-type=\"wp-page\" data-elementor-id=\"5510\" class=\"elementor elementor-5510\">\n\t\t\t\t\t\t<section class=\"elementor-section elementor-top-section elementor-element elementor-element-5c82570 elementor-section-boxed elementor-section-height-default elementor-section-height-default\" data-id=\"5c82570\" data-element_type=\"section\" data-e-type=\"section\">\n\t\t\t\t\t\t<div class=\"elementor-container elementor-column-gap-default\">\n\t\t\t\t\t<div class=\"elementor-column elementor-col-100 elementor-top-column elementor-element elementor-element-491b343\" data-id=\"491b343\" data-element_type=\"column\" data-e-type=\"column\">\n\t\t\t<div class=\"elementor-widget-wrap elementor-element-populated\">\n\t\t\t\t\t\t<div class=\"elementor-element elementor-element-db7f8eb elementor-widget elementor-widget-spacer\" data-id=\"db7f8eb\" data-element_type=\"widget\" data-e-type=\"widget\" data-widget_type=\"spacer.default\">\n\t\t\t\t<div class=\"elementor-widget-container\">\n\t\t\t\t\t\t\t<div class=\"elementor-spacer\">\n\t\t\t<div class=\"elementor-spacer-inner\"><\/div>\n\t\t<\/div>\n\t\t\t\t\t\t<\/div>\n\t\t\t\t<\/div>\n\t\t\t\t\t<\/div>\n\t\t<\/div>\n\t\t\t\t\t<\/div>\n\t\t<\/section>\n\t\t\t\t<section class=\"elementor-section elementor-top-section elementor-element elementor-element-3cc5478 elementor-section-boxed elementor-section-height-default elementor-section-height-default\" data-id=\"3cc5478\" data-element_type=\"section\" data-e-type=\"section\">\n\t\t\t\t\t\t<div class=\"elementor-container elementor-column-gap-default\">\n\t\t\t\t\t<div class=\"elementor-column elementor-col-50 elementor-top-column elementor-element elementor-element-f3ebeba\" data-id=\"f3ebeba\" data-element_type=\"column\" data-e-type=\"column\">\n\t\t\t<div class=\"elementor-widget-wrap elementor-element-populated\">\n\t\t\t\t\t\t<div class=\"elementor-element elementor-element-1b8f51d elementor-widget elementor-widget-image\" data-id=\"1b8f51d\" data-element_type=\"widget\" data-e-type=\"widget\" data-widget_type=\"image.default\">\n\t\t\t\t<div class=\"elementor-widget-container\">\n\t\t\t\t\t\t\t\t\t\t\t\t\t\t\t\t<a href=\"https:\/\/lyrc.lu\">\n\t\t\t\t\t\t\t<img decoding=\"async\" width=\"300\" height=\"157\" src=\"https:\/\/i0.wp.com\/www.makeit.lu\/wp-content\/uploads\/2021\/02\/LYRC_Logo-e1613387497216.png?fit=300%2C157&amp;ssl=1\" class=\"attachment-medium size-medium wp-image-1066\" alt=\"\" srcset=\"https:\/\/i0.wp.com\/www.makeit.lu\/wp-content\/uploads\/2021\/02\/LYRC_Logo-e1613387497216.png?w=890&amp;ssl=1 890w, https:\/\/i0.wp.com\/www.makeit.lu\/wp-content\/uploads\/2021\/02\/LYRC_Logo-e1613387497216.png?resize=300%2C157&amp;ssl=1 300w, https:\/\/i0.wp.com\/www.makeit.lu\/wp-content\/uploads\/2021\/02\/LYRC_Logo-e1613387497216.png?resize=768%2C403&amp;ssl=1 768w, https:\/\/i0.wp.com\/www.makeit.lu\/wp-content\/uploads\/2021\/02\/LYRC_Logo-e1613387497216.png?resize=830%2C436&amp;ssl=1 830w, https:\/\/i0.wp.com\/www.makeit.lu\/wp-content\/uploads\/2021\/02\/LYRC_Logo-e1613387497216.png?resize=230%2C121&amp;ssl=1 230w, https:\/\/i0.wp.com\/www.makeit.lu\/wp-content\/uploads\/2021\/02\/LYRC_Logo-e1613387497216.png?resize=350%2C184&amp;ssl=1 350w, https:\/\/i0.wp.com\/www.makeit.lu\/wp-content\/uploads\/2021\/02\/LYRC_Logo-e1613387497216.png?resize=480%2C252&amp;ssl=1 480w, https:\/\/i0.wp.com\/www.makeit.lu\/wp-content\/uploads\/2021\/02\/LYRC_Logo-e1613387497216.png?resize=24%2C13&amp;ssl=1 24w, https:\/\/i0.wp.com\/www.makeit.lu\/wp-content\/uploads\/2021\/02\/LYRC_Logo-e1613387497216.png?resize=36%2C19&amp;ssl=1 36w, https:\/\/i0.wp.com\/www.makeit.lu\/wp-content\/uploads\/2021\/02\/LYRC_Logo-e1613387497216.png?resize=48%2C25&amp;ssl=1 48w\" sizes=\"(max-width: 300px) 100vw, 300px\" \/>\t\t\t\t\t\t\t\t<\/a>\n\t\t\t\t\t\t\t\t\t\t\t\t\t\t\t<\/div>\n\t\t\t\t<\/div>\n\t\t\t\t\t<\/div>\n\t\t<\/div>\n\t\t\t\t<div class=\"elementor-column elementor-col-50 elementor-top-column elementor-element elementor-element-1c7fae6\" data-id=\"1c7fae6\" data-element_type=\"column\" data-e-type=\"column\">\n\t\t\t<div class=\"elementor-widget-wrap elementor-element-populated\">\n\t\t\t\t\t\t<div class=\"elementor-element elementor-element-6b0ce9a elementor-widget__width-initial elementor-widget elementor-widget-heading\" data-id=\"6b0ce9a\" data-element_type=\"widget\" data-e-type=\"widget\" data-widget_type=\"heading.default\">\n\t\t\t\t<div class=\"elementor-widget-container\">\n\t\t\t\t\t<h1 class=\"elementor-heading-title elementor-size-default\">LYRC 2026 team registration page<\/h1>\t\t\t\t<\/div>\n\t\t\t\t<\/div>\n\t\t\t\t\t<\/div>\n\t\t<\/div>\n\t\t\t\t\t<\/div>\n\t\t<\/section>\n\t\t\t\t<section class=\"elementor-section elementor-top-section elementor-element elementor-element-01d1283 elementor-section-boxed elementor-section-height-default elementor-section-height-default\" data-id=\"01d1283\" data-element_type=\"section\" data-e-type=\"section\">\n\t\t\t\t\t\t<div class=\"elementor-container elementor-column-gap-default\">\n\t\t\t\t\t<div class=\"elementor-column elementor-col-100 elementor-top-column elementor-element elementor-element-e0dfd7f\" data-id=\"e0dfd7f\" data-element_type=\"column\" data-e-type=\"column\">\n\t\t\t<div class=\"elementor-widget-wrap elementor-element-populated\">\n\t\t\t\t\t\t<div class=\"elementor-element elementor-element-05fe78f elementor-widget elementor-widget-wpforms\" data-id=\"05fe78f\" data-element_type=\"widget\" data-e-type=\"widget\" data-widget_type=\"wpforms.default\">\n\t\t\t\t<div class=\"elementor-widget-container\">\n\t\t\t\t\t<div class=\"wpforms-container wpforms-container-full\" id=\"wpforms-5014\"><form id=\"wpforms-form-5014\" class=\"wpforms-validate wpforms-form\" data-formid=\"5014\" method=\"post\" enctype=\"multipart\/form-data\" action=\"\/index.php?rest_route=%2Fwp%2Fv2%2Fpages%2F5510\" data-token=\"66dd352dcd786013d98361cc9f29e588\" data-token-time=\"1777662945\"><noscript class=\"wpforms-error-noscript\">Please enable JavaScript in your browser to complete this form.<\/noscript><div class=\"wpforms-field-container\"><div id=\"wpforms-5014-field_16-container\" class=\"wpforms-field wpforms-field-radio wpforms-conditional-trigger\" data-field-id=\"16\"><label class=\"wpforms-field-label\">Language\/Sprooch<\/label><ul id=\"wpforms-5014-field_16\"><li class=\"choice-2 depth-1 wpforms-selected\"><input type=\"radio\" id=\"wpforms-5014-field_16_2\" name=\"wpforms[fields][16]\" value=\"English\"   checked='checked'><label class=\"wpforms-field-label-inline\" for=\"wpforms-5014-field_16_2\">English<\/label><\/li><li class=\"choice-1 depth-1\"><input type=\"radio\" id=\"wpforms-5014-field_16_1\" name=\"wpforms[fields][16]\" value=\"L\u00ebtzebuergesch\"  ><label class=\"wpforms-field-label-inline\" for=\"wpforms-5014-field_16_1\">L\u00ebtzebuergesch<\/label><\/li><\/ul><div class=\"wpforms-field-description\">Wielt \u00e4r Sprooch \u2022 Choose your language<\/div><\/div><div id=\"wpforms-5014-field_1-container\" class=\"wpforms-field wpforms-field-text wpforms-conditional-field wpforms-conditional-show\" data-field-id=\"1\" style=\"display:none;\"><label class=\"wpforms-field-label\" for=\"wpforms-5014-field_1\">Team name <span class=\"wpforms-required-label\">*<\/span><\/label><input type=\"text\" id=\"wpforms-5014-field_1\" class=\"wpforms-field-medium wpforms-field-required\" name=\"wpforms[fields][1]\" required><div class=\"wpforms-field-description\">Enter you team's name<\/div><\/div><div id=\"wpforms-5014-field_17-container\" class=\"wpforms-field wpforms-field-text wpforms-conditional-field wpforms-conditional-show\" data-field-id=\"17\" style=\"display:none;\"><label class=\"wpforms-field-label\" for=\"wpforms-5014-field_17\">Ekippe Numm <span class=\"wpforms-required-label\">*<\/span><\/label><input type=\"text\" id=\"wpforms-5014-field_17\" class=\"wpforms-field-medium wpforms-field-required\" name=\"wpforms[fields][17]\" required><div class=\"wpforms-field-description\">Gitt de Numm vun \u00e4rer Ekipp hei an<\/div><\/div><div id=\"wpforms-5014-field_12-container\" class=\"wpforms-field wpforms-field-select wpforms-conditional-field wpforms-conditional-show wpforms-conditional-trigger wpforms-field-select-style-classic\" data-field-id=\"12\" style=\"display:none;\"><label class=\"wpforms-field-label\" for=\"wpforms-5014-field_12\">Registration category <span class=\"wpforms-required-label\">*<\/span><\/label><select id=\"wpforms-5014-field_12\" class=\"wpforms-field-medium wpforms-field-required\" name=\"wpforms[fields][12]\" required=\"required\"><option value=\"Capture the Flag (Ages 10 to 14)\"  class=\"choice-3 depth-1\"  >Capture the Flag (Ages 10 to 14)<\/option><option value=\"VEX IQ (Ages 10 to 15)\"  class=\"choice-4 depth-1\"  >VEX IQ (Ages 10 to 15)<\/option><option value=\"VEX V5 (ages 12 to 18)\"  class=\"choice-5 depth-1\"  >VEX V5 (ages 12 to 18)<\/option><\/select><div class=\"wpforms-field-description\">Please choose the category this team will compete in. You can register multiple teams but mentors can only be affected to a single team.<\/div><\/div><div id=\"wpforms-5014-field_18-container\" class=\"wpforms-field wpforms-field-select wpforms-conditional-field wpforms-conditional-show wpforms-field-select-style-classic\" data-field-id=\"18\" style=\"display:none;\"><label class=\"wpforms-field-label\" for=\"wpforms-5014-field_18\">Aschreiwungs-Kategorie <span class=\"wpforms-required-label\">*<\/span><\/label><select id=\"wpforms-5014-field_18\" class=\"wpforms-field-medium wpforms-field-required\" name=\"wpforms[fields][18]\" required=\"required\"><option value=\"Capture the flag (10 - 14 Joer)\"  class=\"choice-3 depth-1\"  >Capture the flag (10 - 14 Joer)<\/option><option value=\"VEX IQ (10 - 15 Joer)\"  class=\"choice-1 depth-1\"  >VEX IQ (10 - 15 Joer)<\/option><option value=\"VEX challenge (12 - 18 Joer)\"  class=\"choice-5 depth-1\"  >VEX challenge (12 - 18 Joer)<\/option><\/select><div class=\"wpforms-field-description\">Wielt d'Kategorie aus wou dir \u00e4r Ekipp aschreiwen w\u00ebllt. Dir k\u00ebnnt m\u00e9i Ekippen aschreiwen, mee ee Mentor kann n\u00ebmmen op 1 Ekipp zougewise ginn.<\/div><\/div><div id=\"wpforms-5014-field_32-container\" class=\"wpforms-field wpforms-field-text wpforms-conditional-field wpforms-conditional-show\" data-field-id=\"32\" style=\"display:none;\"><label class=\"wpforms-field-label\" for=\"wpforms-5014-field_32\">VEX Nummer (ID, falls eng do ass)<\/label><input type=\"text\" id=\"wpforms-5014-field_32\" class=\"wpforms-field-medium\" name=\"wpforms[fields][32]\" placeholder=\"#11223344\" ><div class=\"wpforms-field-description\">Gitt \u00e4r Nummer vun \u00e4rem team bei VEX an, falls der \u00e4rt teams schon ugemeldt hudd. Falls net, einfach eidel loossen<\/div><\/div><div id=\"wpforms-5014-field_33-container\" class=\"wpforms-field wpforms-field-text wpforms-conditional-field wpforms-conditional-show\" data-field-id=\"33\" style=\"display:none;\"><label class=\"wpforms-field-label\" for=\"wpforms-5014-field_33\">VEX number (ID, if already registered)<\/label><input type=\"text\" id=\"wpforms-5014-field_33\" class=\"wpforms-field-medium\" name=\"wpforms[fields][33]\" placeholder=\"#11223344\" ><div class=\"wpforms-field-description\">Enter your VEX ID number in case you've already registered your team with RECF<\/div><\/div><div id=\"wpforms-5014-field_3-container\" class=\"wpforms-field wpforms-field-text wpforms-conditional-field wpforms-conditional-show\" data-field-id=\"3\" style=\"display:none;\"><label class=\"wpforms-field-label\" for=\"wpforms-5014-field_3\">Mentor name <span class=\"wpforms-required-label\">*<\/span><\/label><input type=\"text\" id=\"wpforms-5014-field_3\" class=\"wpforms-field-medium wpforms-field-required\" name=\"wpforms[fields][3]\" required><div class=\"wpforms-field-description\">Responsible for the team<\/div><\/div><div id=\"wpforms-5014-field_19-container\" class=\"wpforms-field wpforms-field-text wpforms-conditional-field wpforms-conditional-show\" data-field-id=\"19\" style=\"display:none;\"><label class=\"wpforms-field-label\" for=\"wpforms-5014-field_19\">Numm vum Mentor <span class=\"wpforms-required-label\">*<\/span><\/label><input type=\"text\" id=\"wpforms-5014-field_19\" class=\"wpforms-field-medium wpforms-field-required\" name=\"wpforms[fields][19]\" required><div class=\"wpforms-field-description\">Verantwortlechen vun der Ekipp<\/div><\/div><div id=\"wpforms-5014-field_4-container\" class=\"wpforms-field wpforms-field-text\" data-field-id=\"4\"><label class=\"wpforms-field-label\" for=\"wpforms-5014-field_4\">Mentor email <span class=\"wpforms-required-label\">*<\/span><\/label><input type=\"text\" id=\"wpforms-5014-field_4\" class=\"wpforms-field-medium wpforms-field-required\" name=\"wpforms[fields][4]\" required><\/div><div id=\"wpforms-5014-field_30-container\" class=\"wpforms-field wpforms-field-textarea wpforms-conditional-field wpforms-conditional-show\" data-field-id=\"30\" style=\"display:none;\"><label class=\"wpforms-field-label\" for=\"wpforms-5014-field_30\">Team member names<\/label><textarea id=\"wpforms-5014-field_30\" class=\"wpforms-field-medium\" name=\"wpforms[fields][30]\" placeholder=\"Firstname, NAME, Birthdate\" ><\/textarea><div class=\"wpforms-field-description\">Enter firstname, name and birthdate of your team members, one member per line please.<\/div><\/div><div id=\"wpforms-5014-field_31-container\" class=\"wpforms-field wpforms-field-textarea wpforms-conditional-field wpforms-conditional-show\" data-field-id=\"31\" style=\"display:none;\"><label class=\"wpforms-field-label\" for=\"wpforms-5014-field_31\">Ekippe Membere Nimm<\/label><textarea id=\"wpforms-5014-field_31\" class=\"wpforms-field-medium\" name=\"wpforms[fields][31]\" placeholder=\"Virnumm, NUMM, Gebuertsdatum\" ><\/textarea><div class=\"wpforms-field-description\">Gitt de Virnumm, Numm a Gebuertsdatum vun \u00e4re Ekippemembere hei an. Pro neie Member 1 nei Linn w.e.g.<\/div><\/div><div id=\"wpforms-5014-field_11-container\" class=\"wpforms-field wpforms-field-gdpr-checkbox wpforms-conditional-field wpforms-conditional-show\" data-field-id=\"11\" style=\"display:none;\"><label class=\"wpforms-field-label\">GDPR Agreement <span class=\"wpforms-required-label\">*<\/span><\/label><ul id=\"wpforms-5014-field_11\" class=\"wpforms-field-required\"><li class=\"choice-1\"><input type=\"checkbox\" id=\"wpforms-5014-field_11_1\" name=\"wpforms[fields][11][]\" value=\"I consent to having this website store my submitted information so they can respond to my registration.\" required ><label class=\"wpforms-field-label-inline\" for=\"wpforms-5014-field_11_1\">I consent to having this website store my submitted information so they can respond to my registration.<\/label><\/li><\/ul><\/div><div id=\"wpforms-5014-field_21-container\" class=\"wpforms-field wpforms-field-gdpr-checkbox wpforms-conditional-field wpforms-conditional-show\" data-field-id=\"21\" style=\"display:none;\"><label class=\"wpforms-field-label\">GDPR R\u00e9gul\u00e9ierung <span class=\"wpforms-required-label\">*<\/span><\/label><ul id=\"wpforms-5014-field_21\" class=\"wpforms-field-required\"><li class=\"choice-1\"><input type=\"checkbox\" id=\"wpforms-5014-field_21_1\" name=\"wpforms[fields][21][]\" value=\"Ech sin domat averstaanen, dass meng Informatiounen gesp\u00e4ichert gin laut dem GDPR.\" required ><label class=\"wpforms-field-label-inline\" for=\"wpforms-5014-field_21_1\">Ech sin domat averstaanen, dass meng Informatiounen gesp\u00e4ichert gin laut dem GDPR.<\/label><\/li><\/ul><\/div><\/div><!-- .wpforms-field-container --><div class=\"wpforms-field wpforms-field-hp\"><label for=\"wpforms-5014-field-hp\" class=\"wpforms-field-label\">Email<\/label><input type=\"text\" name=\"wpforms[hp]\" id=\"wpforms-5014-field-hp\" class=\"wpforms-field-medium\"><\/div><div class=\"wpforms-recaptcha-container wpforms-is-recaptcha wpforms-is-recaptcha-type-v2\" ><div class=\"g-recaptcha\" data-sitekey=\"6Le_EJMUAAAAAEIz-u_sU4ygRzMFH6zNgwtnKsT0\"><\/div><input type=\"text\" name=\"g-recaptcha-hidden\" class=\"wpforms-recaptcha-hidden\" style=\"position:absolute!important;clip:rect(0,0,0,0)!important;height:1px!important;width:1px!important;border:0!important;overflow:hidden!important;padding:0!important;margin:0!important;\" data-rule-recaptcha=\"1\"><\/div><div class=\"wpforms-submit-container\" ><input type=\"hidden\" name=\"wpforms[id]\" value=\"5014\"><input type=\"hidden\" name=\"page_title\" value=\"\"><input type=\"hidden\" name=\"page_url\" value=\"https:\/\/www.makeit.lu\/index.php?rest_route=\/wp\/v2\/pages\/5510\"><input type=\"hidden\" name=\"url_referer\" value=\"\"><button type=\"submit\" name=\"wpforms[submit]\" id=\"wpforms-submit-5014\" class=\"wpforms-submit\" data-alt-text=\"Sending... \u2022 G\u00ebtt gesendt\u2026\" data-submit-text=\"Submit\u2022Sch\u00e9cken\" aria-live=\"assertive\" value=\"wpforms-submit\">Submit\u2022Sch\u00e9cken<\/button><\/div><\/form><\/div>  <!-- .wpforms-container -->\t\t\t\t<\/div>\n\t\t\t\t<\/div>\n\t\t\t\t\t<\/div>\n\t\t<\/div>\n\t\t\t\t\t<\/div>\n\t\t<\/section>\n\t\t\t\t<\/div>\n\t\t","protected":false},"excerpt":{"rendered":"<p>LYRC 2026 team registration page Please enable JavaScript in your browser to complete this form.Language\/Sprooch English L\u00ebtzebuergesch Wielt \u00e4r Sprooch \u2022 Choose [&hellip;]<\/p>\n<div class=\"pvc_clear\"><\/div>\n<p id=\"pvc_stats_5510\" class=\"pvc_stats all  \" data-element-id=\"5510\" style=\"\"><i class=\"pvc-stats-icon medium\" aria-hidden=\"true\"><svg aria-hidden=\"true\" focusable=\"false\" data-prefix=\"far\" data-icon=\"chart-bar\" role=\"img\" xmlns=\"http:\/\/www.w3.org\/2000\/svg\" viewBox=\"0 0 512 512\" class=\"svg-inline--fa fa-chart-bar fa-w-16 fa-2x\"><path fill=\"currentColor\" d=\"M396.8 352h22.4c6.4 0 12.8-6.4 12.8-12.8V108.8c0-6.4-6.4-12.8-12.8-12.8h-22.4c-6.4 0-12.8 6.4-12.8 12.8v230.4c0 6.4 6.4 12.8 12.8 12.8zm-192 0h22.4c6.4 0 12.8-6.4 12.8-12.8V140.8c0-6.4-6.4-12.8-12.8-12.8h-22.4c-6.4 0-12.8 6.4-12.8 12.8v198.4c0 6.4 6.4 12.8 12.8 12.8zm96 0h22.4c6.4 0 12.8-6.4 12.8-12.8V204.8c0-6.4-6.4-12.8-12.8-12.8h-22.4c-6.4 0-12.8 6.4-12.8 12.8v134.4c0 6.4 6.4 12.8 12.8 12.8zM496 400H48V80c0-8.84-7.16-16-16-16H16C7.16 64 0 71.16 0 80v336c0 17.67 14.33 32 32 32h464c8.84 0 16-7.16 16-16v-16c0-8.84-7.16-16-16-16zm-387.2-48h22.4c6.4 0 12.8-6.4 12.8-12.8v-70.4c0-6.4-6.4-12.8-12.8-12.8h-22.4c-6.4 0-12.8 6.4-12.8 12.8v70.4c0 6.4 6.4 12.8 12.8 12.8z\" class=\"\"><\/path><\/svg><\/i> <img decoding=\"async\" width=\"16\" height=\"16\" alt=\"Loading\" src=\"https:\/\/www.makeit.lu\/wp-content\/plugins\/page-views-count\/ajax-loader-2x.gif\" border=0 \/><\/p>\n<div class=\"pvc_clear\"><\/div>\n","protected":false},"author":1,"featured_media":0,"parent":0,"menu_order":0,"comment_status":"closed","ping_status":"closed","template":"elementor_header_footer","meta":{"footnotes":""},"class_list":["post-5510","page","type-page","status-publish","hentry"],"a3_pvc":{"activated":true,"total_views":0,"today_views":0},"jetpack_sharing_enabled":true,"jetpack_shortlink":"https:\/\/wp.me\/PaIqw2-1qS","_links":{"self":[{"href":"https:\/\/www.makeit.lu\/index.php?rest_route=\/wp\/v2\/pages\/5510","targetHints":{"allow":["GET"]}}],"collection":[{"href":"https:\/\/www.makeit.lu\/index.php?rest_route=\/wp\/v2\/pages"}],"about":[{"href":"https:\/\/www.makeit.lu\/index.php?rest_route=\/wp\/v2\/types\/page"}],"author":[{"embeddable":true,"href":"https:\/\/www.makeit.lu\/index.php?rest_route=\/wp\/v2\/users\/1"}],"replies":[{"embeddable":true,"href":"https:\/\/www.makeit.lu\/index.php?rest_route=%2Fwp%2Fv2%2Fcomments&post=5510"}],"version-history":[{"count":6,"href":"https:\/\/www.makeit.lu\/index.php?rest_route=\/wp\/v2\/pages\/5510\/revisions"}],"predecessor-version":[{"id":5519,"href":"https:\/\/www.makeit.lu\/index.php?rest_route=\/wp\/v2\/pages\/5510\/revisions\/5519"}],"wp:attachment":[{"href":"https:\/\/www.makeit.lu\/index.php?rest_route=%2Fwp%2Fv2%2Fmedia&parent=5510"}],"curies":[{"name":"wp","href":"https:\/\/api.w.org\/{rel}","templated":true}]}}