{"id":596,"date":"2019-11-08T01:42:35","date_gmt":"2019-11-08T00:42:35","guid":{"rendered":"https:\/\/www.makeit.lu\/?page_id=596"},"modified":"2023-08-06T21:58:01","modified_gmt":"2023-08-06T20:58:01","slug":"makeartist","status":"publish","type":"page","link":"https:\/\/www.makeit.lu\/?page_id=596","title":{"rendered":"MakerBuzz Workshop &#8220;MakeArtist&#8221;"},"content":{"rendered":"\t\t<div data-elementor-type=\"wp-page\" data-elementor-id=\"596\" class=\"elementor elementor-596\">\n\t\t\t\t\t\t<section class=\"elementor-section elementor-top-section elementor-element elementor-element-3cd28840 elementor-section-boxed elementor-section-height-default elementor-section-height-default\" data-id=\"3cd28840\" data-element_type=\"section\" data-e-type=\"section\">\n\t\t\t\t\t\t<div class=\"elementor-container elementor-column-gap-default\">\n\t\t\t\t\t<div class=\"elementor-column elementor-col-100 elementor-top-column elementor-element elementor-element-9455e7b\" data-id=\"9455e7b\" data-element_type=\"column\" data-e-type=\"column\">\n\t\t\t<div class=\"elementor-widget-wrap elementor-element-populated\">\n\t\t\t\t\t\t<div class=\"elementor-element elementor-element-2aedd14a elementor-widget elementor-widget-text-editor\" data-id=\"2aedd14a\" data-element_type=\"widget\" data-e-type=\"widget\" data-widget_type=\"text-editor.default\">\n\t\t\t\t<div class=\"elementor-widget-container\">\n\t\t\t\t\t\t\t\t\t<p style=\"text-align: right;\"><a href=\"https:\/\/www.makeit.lu\/?page_id=334\">See other MakerBuzz workshops<\/a><a href=\"https:\/\/www.makeit.lu\/?page_id=1734\">\u00a0\u00a0<\/a><\/p><h3><img decoding=\"async\" data-recalc-dims=\"1\" class=\"alignnone wp-image-1998\" src=\"https:\/\/i0.wp.com\/www.makeit.lu\/wp-content\/uploads\/2022\/03\/2021_08_13_Makerbuzz-Bettemburg-38.jpg?resize=203%2C135&#038;ssl=1\" alt=\"\" width=\"203\" height=\"135\" \/> <img decoding=\"async\" data-recalc-dims=\"1\" class=\"alignnone wp-image-2001\" src=\"https:\/\/i0.wp.com\/www.makeit.lu\/wp-content\/uploads\/2022\/03\/2021_08_13_Makerbuzz-Bettemburg-25.jpg?resize=202%2C135&#038;ssl=1\" alt=\"\" width=\"202\" height=\"135\" \/> <img decoding=\"async\" data-recalc-dims=\"1\" class=\"alignnone wp-image-1999\" src=\"https:\/\/i0.wp.com\/www.makeit.lu\/wp-content\/uploads\/2022\/03\/2021_08_13_Makerbuzz-Bettemburg-2.jpg?resize=200%2C133&#038;ssl=1\" alt=\"\" width=\"200\" height=\"133\" \/><\/h3><h3>Description<\/h3><p><em><strong>EN<\/strong><\/em><\/p><p>With various electronic components, colors and a canvas, you will create your own glowing work of art in this workshop! But how can the components be connected to each other? How do you make an LED light up? In this course, you will explore the basics of electric circuits and create your own artistic object. Let&#8217;s get creative and become a MakeArtist.<\/p><p><em><strong>DE<\/strong><\/em><\/p><p>Mit verschiedenen elektronischen Bauteilen, Farben und einer Leinwand erschaffst Du bei diesem Workshop ein eigenes, leuchtendes Kunstwerk! Doch wie lassen sich die Bauteile miteinander verbinden? Wie bringst Du ein LED L\u00e4mpchen zum leuchten? In diesem Kurs erforschst Du die Grundlagen von Stromkreisen und erfindest dazu ein k\u00fcnstlerisches Objekt. Lass Deiner Kreativit\u00e4t freien Lauf und werde zum MakeArtist.<\/p><h3>Categories<\/h3><ul><li>Design (draw own shapes, design user interfaces,&#8230;)<\/li><li>Making (\u201eKniwwelen\u201c, bricoler\u201c,&#8230;)<\/li><\/ul><h3>Suitable age groups<\/h3><ul><li>6-9<\/li><li>10-12<\/li><li>13-15<\/li><\/ul><h3>Duration<\/h3><ul><li>2 hours or upon request<\/li><\/ul><h3>Languages covered<\/h3><ul><li>LU<\/li><li>FR<\/li><li>DE<\/li><li>EN<\/li><\/ul><h3>Send us a booking request\u00a0<\/h3><p>Please\u00a0<a style=\"background-color: #ffffff;\" href=\"https:\/\/www.makeit.lu\/?page_id=594\">fill in the form here<\/a>. We will then provide you with further details and the prices for the workshops.\u00a0<\/p>\t\t\t\t\t\t\t\t<\/div>\n\t\t\t\t<\/div>\n\t\t\t\t\t<\/div>\n\t\t<\/div>\n\t\t\t\t\t<\/div>\n\t\t<\/section>\n\t\t\t\t<\/div>\n\t\t","protected":false},"excerpt":{"rendered":"<p>See other MakerBuzz workshops\u00a0\u00a0 Description EN With various electronic components, colors and a canvas, you will create your own glowing work of [&hellip;]<\/p>\n<div class=\"pvc_clear\"><\/div>\n<p id=\"pvc_stats_596\" class=\"pvc_stats all  \" data-element-id=\"596\" style=\"\"><i class=\"pvc-stats-icon medium\" aria-hidden=\"true\"><svg aria-hidden=\"true\" focusable=\"false\" data-prefix=\"far\" data-icon=\"chart-bar\" role=\"img\" xmlns=\"http:\/\/www.w3.org\/2000\/svg\" viewBox=\"0 0 512 512\" class=\"svg-inline--fa fa-chart-bar fa-w-16 fa-2x\"><path fill=\"currentColor\" d=\"M396.8 352h22.4c6.4 0 12.8-6.4 12.8-12.8V108.8c0-6.4-6.4-12.8-12.8-12.8h-22.4c-6.4 0-12.8 6.4-12.8 12.8v230.4c0 6.4 6.4 12.8 12.8 12.8zm-192 0h22.4c6.4 0 12.8-6.4 12.8-12.8V140.8c0-6.4-6.4-12.8-12.8-12.8h-22.4c-6.4 0-12.8 6.4-12.8 12.8v198.4c0 6.4 6.4 12.8 12.8 12.8zm96 0h22.4c6.4 0 12.8-6.4 12.8-12.8V204.8c0-6.4-6.4-12.8-12.8-12.8h-22.4c-6.4 0-12.8 6.4-12.8 12.8v134.4c0 6.4 6.4 12.8 12.8 12.8zM496 400H48V80c0-8.84-7.16-16-16-16H16C7.16 64 0 71.16 0 80v336c0 17.67 14.33 32 32 32h464c8.84 0 16-7.16 16-16v-16c0-8.84-7.16-16-16-16zm-387.2-48h22.4c6.4 0 12.8-6.4 12.8-12.8v-70.4c0-6.4-6.4-12.8-12.8-12.8h-22.4c-6.4 0-12.8 6.4-12.8 12.8v70.4c0 6.4 6.4 12.8 12.8 12.8z\" class=\"\"><\/path><\/svg><\/i> <img loading=\"lazy\" decoding=\"async\" width=\"16\" height=\"16\" alt=\"Loading\" src=\"https:\/\/www.makeit.lu\/wp-content\/plugins\/page-views-count\/ajax-loader-2x.gif\" border=0 \/><\/p>\n<div class=\"pvc_clear\"><\/div>\n","protected":false},"author":2,"featured_media":0,"parent":334,"menu_order":0,"comment_status":"closed","ping_status":"closed","template":"","meta":{"footnotes":""},"class_list":["post-596","page","type-page","status-publish","hentry"],"a3_pvc":{"activated":true,"total_views":963,"today_views":0},"jetpack_sharing_enabled":true,"jetpack_shortlink":"https:\/\/wp.me\/PaIqw2-9C","_links":{"self":[{"href":"https:\/\/www.makeit.lu\/index.php?rest_route=\/wp\/v2\/pages\/596","targetHints":{"allow":["GET"]}}],"collection":[{"href":"https:\/\/www.makeit.lu\/index.php?rest_route=\/wp\/v2\/pages"}],"about":[{"href":"https:\/\/www.makeit.lu\/index.php?rest_route=\/wp\/v2\/types\/page"}],"author":[{"embeddable":true,"href":"https:\/\/www.makeit.lu\/index.php?rest_route=\/wp\/v2\/users\/2"}],"replies":[{"embeddable":true,"href":"https:\/\/www.makeit.lu\/index.php?rest_route=%2Fwp%2Fv2%2Fcomments&post=596"}],"version-history":[{"count":29,"href":"https:\/\/www.makeit.lu\/index.php?rest_route=\/wp\/v2\/pages\/596\/revisions"}],"predecessor-version":[{"id":3919,"href":"https:\/\/www.makeit.lu\/index.php?rest_route=\/wp\/v2\/pages\/596\/revisions\/3919"}],"up":[{"embeddable":true,"href":"https:\/\/www.makeit.lu\/index.php?rest_route=\/wp\/v2\/pages\/334"}],"wp:attachment":[{"href":"https:\/\/www.makeit.lu\/index.php?rest_route=%2Fwp%2Fv2%2Fmedia&parent=596"}],"curies":[{"name":"wp","href":"https:\/\/api.w.org\/{rel}","templated":true}]}}