{"id":993,"date":"2020-09-17T00:41:01","date_gmt":"2020-09-16T23:41:01","guid":{"rendered":"https:\/\/www.makeit.lu\/?page_id=993"},"modified":"2023-08-06T21:59:18","modified_gmt":"2023-08-06T20:59:18","slug":"makerbuzz-workshop-human-robot","status":"publish","type":"page","link":"https:\/\/www.makeit.lu\/?page_id=993","title":{"rendered":"MakerBuzz Workshop &#8220;Human robot&#8221;"},"content":{"rendered":"\t\t<div data-elementor-type=\"wp-page\" data-elementor-id=\"993\" class=\"elementor elementor-993\">\n\t\t\t\t\t\t<section class=\"elementor-section elementor-top-section elementor-element elementor-element-467adef7 elementor-section-boxed elementor-section-height-default elementor-section-height-default\" data-id=\"467adef7\" data-element_type=\"section\" data-e-type=\"section\">\n\t\t\t\t\t\t<div class=\"elementor-container elementor-column-gap-default\">\n\t\t\t\t\t<div class=\"elementor-column elementor-col-100 elementor-top-column elementor-element elementor-element-121c60f2\" data-id=\"121c60f2\" data-element_type=\"column\" data-e-type=\"column\">\n\t\t\t<div class=\"elementor-widget-wrap elementor-element-populated\">\n\t\t\t\t\t\t<div class=\"elementor-element elementor-element-137a6cf6 elementor-widget elementor-widget-text-editor\" data-id=\"137a6cf6\" data-element_type=\"widget\" data-e-type=\"widget\" data-widget_type=\"text-editor.default\">\n\t\t\t\t<div class=\"elementor-widget-container\">\n\t\t\t\t\t\t\t\t\t<p style=\"text-align: right;\"><a href=\"https:\/\/www.makeit.lu\/?page_id=334\">See other MakerBuzz workshops<\/a><a href=\"https:\/\/www.makeit.lu\/?page_id=1734\">\u00a0<\/a><\/p><h3><a href=\"https:\/\/www.makeit.lu\/?page_id=334\"><img decoding=\"async\" data-recalc-dims=\"1\" src=\"https:\/\/i0.wp.com\/www.makeit.lu\/wp-content\/uploads\/2022\/03\/2021_03_22_MakerBuzz-Bridel-9.jpg?resize=201%2C134&#038;ssl=1\" alt=\"\" width=\"201\" height=\"134\" \/> <\/a><a href=\"https:\/\/www.makeit.lu\/?page_id=334\"><img decoding=\"async\" data-recalc-dims=\"1\" src=\"https:\/\/i0.wp.com\/www.makeit.lu\/wp-content\/uploads\/2022\/03\/2021_11_09_Pixels-Hosingen-10.jpg?resize=203%2C136&#038;ssl=1\" alt=\"\" width=\"203\" height=\"136\" \/> <\/a><a href=\"https:\/\/www.makeit.lu\/?page_id=334\"><img decoding=\"async\" data-recalc-dims=\"1\" src=\"https:\/\/i0.wp.com\/www.makeit.lu\/wp-content\/uploads\/2022\/03\/2021_11_09_Pixels-Hosingen-1.jpg?resize=202%2C135&#038;ssl=1\" alt=\"\" width=\"202\" height=\"135\" \/><\/a><\/h3><h3>Description\u00a0<\/h3><p><span lang=\"EN-US\"><strong><em>EN<\/em><\/strong><\/span><\/p><p>What is a programming order? How does a computer code assemble itself? Today we will leave the computer aside and program&#8230; people. Within a short time you will learn how to juggle simple orders and that even complex chains of commands are no hurdle for you. If the weather is on our side, the workshop will be held outside &#8211; without electricity, but with a lot of energy.<\/p><p><span lang=\"EN-US\"><strong><em>DE<\/em><\/strong><br \/><\/span><\/p><p><span lang=\"EN-US\">Was ist ein<\/span><span lang=\"EN-US\"> Programmierbefehl? <\/span><span lang=\"FR-CH\" style=\"mso-ansi-language: FR-CH;\">Wie baut sich ein Computercode zusammen? <\/span><span lang=\"EN-US\">Dazu lassen wir heute mal den Computer zur Seite und programmieren\u2026 Menschen. Innerhalb k\u00fcrzester Zeit erf\u00e4hrst du wie du mit simplen Befehlen jonglieren kannst und dass selbst komplexe Befehlsketten f\u00fcr dich keine H\u00fcrde darstellen.\u00a0<\/span><span style=\"color: var(--sydney-text-color);\">Wenn es das Wetter erlaubt, wird der Workshop draussen durchgef\u00fchrt. Ganz ohne Strom. Aber mit viel Energie.<\/span><\/p><h3>Categories<\/h3><ul><li>Coding \/ Computational thinking<\/li><\/ul><h3>Suitable age groups<\/h3><ul><li>6-9<\/li><li>10-12<\/li><li>13-15<\/li><\/ul><h3>Duration<\/h3><ul><li>2 hours or upon request<\/li><\/ul><h3>Languages covered<\/h3><ul><li>LU<\/li><li>FR<\/li><li>DE<\/li><li>EN<\/li><\/ul><h3>Send us a booking request\u00a0<\/h3><p>Please\u00a0<a style=\"background-color: #ffffff;\" href=\"https:\/\/www.makeit.lu\/?page_id=594\">fill in the form here<\/a>. We will then provide you with further details and the prices for the workshops.\u00a0<\/p>\t\t\t\t\t\t\t\t<\/div>\n\t\t\t\t<\/div>\n\t\t\t\t\t<\/div>\n\t\t<\/div>\n\t\t\t\t\t<\/div>\n\t\t<\/section>\n\t\t\t\t<\/div>\n\t\t","protected":false},"excerpt":{"rendered":"<p>See other MakerBuzz workshops\u00a0 Description\u00a0 EN What is a programming order? How does a computer code assemble itself? Today we will leave [&hellip;]<\/p>\n<div class=\"pvc_clear\"><\/div>\n<p id=\"pvc_stats_993\" class=\"pvc_stats all  \" data-element-id=\"993\" style=\"\"><i class=\"pvc-stats-icon medium\" aria-hidden=\"true\"><svg aria-hidden=\"true\" focusable=\"false\" data-prefix=\"far\" data-icon=\"chart-bar\" role=\"img\" xmlns=\"http:\/\/www.w3.org\/2000\/svg\" viewBox=\"0 0 512 512\" class=\"svg-inline--fa fa-chart-bar fa-w-16 fa-2x\"><path fill=\"currentColor\" d=\"M396.8 352h22.4c6.4 0 12.8-6.4 12.8-12.8V108.8c0-6.4-6.4-12.8-12.8-12.8h-22.4c-6.4 0-12.8 6.4-12.8 12.8v230.4c0 6.4 6.4 12.8 12.8 12.8zm-192 0h22.4c6.4 0 12.8-6.4 12.8-12.8V140.8c0-6.4-6.4-12.8-12.8-12.8h-22.4c-6.4 0-12.8 6.4-12.8 12.8v198.4c0 6.4 6.4 12.8 12.8 12.8zm96 0h22.4c6.4 0 12.8-6.4 12.8-12.8V204.8c0-6.4-6.4-12.8-12.8-12.8h-22.4c-6.4 0-12.8 6.4-12.8 12.8v134.4c0 6.4 6.4 12.8 12.8 12.8zM496 400H48V80c0-8.84-7.16-16-16-16H16C7.16 64 0 71.16 0 80v336c0 17.67 14.33 32 32 32h464c8.84 0 16-7.16 16-16v-16c0-8.84-7.16-16-16-16zm-387.2-48h22.4c6.4 0 12.8-6.4 12.8-12.8v-70.4c0-6.4-6.4-12.8-12.8-12.8h-22.4c-6.4 0-12.8 6.4-12.8 12.8v70.4c0 6.4 6.4 12.8 12.8 12.8z\" class=\"\"><\/path><\/svg><\/i> <img loading=\"lazy\" decoding=\"async\" width=\"16\" height=\"16\" alt=\"Loading\" src=\"https:\/\/www.makeit.lu\/wp-content\/plugins\/page-views-count\/ajax-loader-2x.gif\" border=0 \/><\/p>\n<div class=\"pvc_clear\"><\/div>\n","protected":false},"author":2,"featured_media":0,"parent":334,"menu_order":0,"comment_status":"closed","ping_status":"closed","template":"","meta":{"footnotes":""},"class_list":["post-993","page","type-page","status-publish","hentry"],"a3_pvc":{"activated":true,"total_views":975,"today_views":0},"jetpack_sharing_enabled":true,"jetpack_shortlink":"https:\/\/wp.me\/PaIqw2-g1","_links":{"self":[{"href":"https:\/\/www.makeit.lu\/index.php?rest_route=\/wp\/v2\/pages\/993","targetHints":{"allow":["GET"]}}],"collection":[{"href":"https:\/\/www.makeit.lu\/index.php?rest_route=\/wp\/v2\/pages"}],"about":[{"href":"https:\/\/www.makeit.lu\/index.php?rest_route=\/wp\/v2\/types\/page"}],"author":[{"embeddable":true,"href":"https:\/\/www.makeit.lu\/index.php?rest_route=\/wp\/v2\/users\/2"}],"replies":[{"embeddable":true,"href":"https:\/\/www.makeit.lu\/index.php?rest_route=%2Fwp%2Fv2%2Fcomments&post=993"}],"version-history":[{"count":18,"href":"https:\/\/www.makeit.lu\/index.php?rest_route=\/wp\/v2\/pages\/993\/revisions"}],"predecessor-version":[{"id":3925,"href":"https:\/\/www.makeit.lu\/index.php?rest_route=\/wp\/v2\/pages\/993\/revisions\/3925"}],"up":[{"embeddable":true,"href":"https:\/\/www.makeit.lu\/index.php?rest_route=\/wp\/v2\/pages\/334"}],"wp:attachment":[{"href":"https:\/\/www.makeit.lu\/index.php?rest_route=%2Fwp%2Fv2%2Fmedia&parent=993"}],"curies":[{"name":"wp","href":"https:\/\/api.w.org\/{rel}","templated":true}]}}